{"id":2452,"date":"2023-05-28T15:48:24","date_gmt":"2023-05-28T15:48:24","guid":{"rendered":"http:\/\/puutavaraliiketvainio.fi\/?page_id=2452"},"modified":"2024-03-03T11:15:47","modified_gmt":"2024-03-03T11:15:47","slug":"tietoja-meista","status":"publish","type":"page","link":"https:\/\/puutavaraliiketvainio.fi\/?page_id=2452","title":{"rendered":"Tietoa meist\u00e4"},"content":{"rendered":"\t\t<div data-elementor-type=\"wp-page\" data-elementor-id=\"2452\" class=\"elementor elementor-2452\">\n\t\t\t\t\t\t<section class=\"elementor-section elementor-top-section elementor-element elementor-element-61b60c17 elementor-section-content-middle elementor-section-boxed elementor-section-height-default elementor-section-height-default\" data-id=\"61b60c17\" data-element_type=\"section\" data-e-type=\"section\">\n\t\t\t\t\t\t<div class=\"elementor-container elementor-column-gap-no\">\n\t\t\t\t\t<div class=\"elementor-column elementor-col-100 elementor-top-column elementor-element elementor-element-2e41aa28\" data-id=\"2e41aa28\" data-element_type=\"column\" data-e-type=\"column\">\n\t\t\t<div class=\"elementor-widget-wrap elementor-element-populated\">\n\t\t\t\t\t\t<div class=\"elementor-element elementor-element-2f89327e elementor-widget elementor-widget-heading\" data-id=\"2f89327e\" data-element_type=\"widget\" data-e-type=\"widget\" data-widget_type=\"heading.default\">\n\t\t\t\t<div class=\"elementor-widget-container\">\n\t\t\t\t\t<h4 class=\"elementor-heading-title elementor-size-default\">Tietoa meist\u00e4<\/h4>\t\t\t\t<\/div>\n\t\t\t\t<\/div>\n\t\t\t\t<section class=\"elementor-section elementor-inner-section elementor-element elementor-element-250a8cce elementor-section-content-middle elementor-section-boxed elementor-section-height-default elementor-section-height-default\" data-id=\"250a8cce\" data-element_type=\"section\" data-e-type=\"section\">\n\t\t\t\t\t\t<div class=\"elementor-container elementor-column-gap-no\">\n\t\t\t\t\t<div class=\"elementor-column elementor-col-50 elementor-inner-column elementor-element elementor-element-1cd5adb7\" data-id=\"1cd5adb7\" data-element_type=\"column\" data-e-type=\"column\">\n\t\t\t<div class=\"elementor-widget-wrap elementor-element-populated\">\n\t\t\t\t\t\t<div class=\"elementor-element elementor-element-563dbd9 elementor-widget elementor-widget-text-editor\" data-id=\"563dbd9\" data-element_type=\"widget\" data-e-type=\"widget\" data-widget_type=\"text-editor.default\">\n\t\t\t\t<div class=\"elementor-widget-container\">\n\t\t\t\t\t\t\t\t\t<p>Puutavaraliike T. Vainio<br \/>Rakennustarvikealan yritys, jonka toiminta on jatkunut vuosikymmeni\u00e4, alkaa olla jo harvinaisuus. Puutavaraliike T. Vainio on palvellut asiakkaitaan J\u00e4rvenp\u00e4\u00e4ss\u00e4 jo vuodesta 1949.<br \/>Liikkeen perustaja Toivo Vainio aloitti kaupank\u00e4ynnin halkokaupalla aivan kaupungin nykyisen keskustan tuntumassa. Yritys on kasvanut ja kehittynyt. Vainion perheest\u00e4 on l\u00f6ytynyt jatkajia Toivo Vainion ty\u00f6lle.<\/p><p>Halkokaupasta kaikki alkoi. J\u00e4rvenp\u00e4\u00e4n keskusta oli 1940-luvun loppupuolella viel\u00e4 hiljainen. Toivo Vainio perusti Vanhankyl\u00e4ntien ja J\u00e4rvipuistonkadun risteykseen halkokaupan sill\u00e4<br \/>l\u00e4mmitysh\u00e4n tapahtui viel\u00e4 tuolloin puulla. Toiminnan laajentuessa tilat eiv\u00e4t riitt\u00e4neet ja nykyiselle paikalle puutavaraliike muutti vuonna 1967. Halkokaupasta alkanut kaupanteko on laajentunut monipuoliseksi rakennustarvikekaupaksi ja <br \/>jo 70-luvulla valmistunut oma h\u00f6yl\u00e4\u00e4m\u00f6 on mahdollistanut joustavat toimitukset ja takuuvarman laadun. Paneelit, rakennuslevyt, listat, villat ja kaikenlainen sahatavara kuuluvat liikkeen valikoimiin. Lis\u00e4ksi toimitusmyynnist\u00e4 on mahdollista saada kertopuita, liimapuupalkkeja, ovia, ikkunoita ja kattopeltej\u00e4.<br \/>Lautatavarat p\u00e4tkit\u00e4\u00e4n m\u00e4\u00e4r\u00e4mittoihin ja kuljetus j\u00e4rjestyy tarvittaessa. Laajan varaston ansiosta suuretkin tilaukset voidaan toimittaa kohtalaisen nopeasti.<br \/>Palvelun monipuolisuus ja joustavuus on her\u00e4tt\u00e4nyt kiinnostusta my\u00f6s J\u00e4rvenp\u00e4\u00e4n ulkopuolella Espoota, Sipoota ja Vantaata my\u00f6ten.<\/p><p>Huhtikuussa 2023 oli seuraavan merkitt\u00e4v\u00e4n muutoksen aika kun Puutavaraliike T. Vainio Oy osti Hyvink\u00e4\u00e4n Puutavaran liiketoiminnan ja toiminta laajeni kahdelle uudelle paikkakunnalle. Kaksi pitk\u00e4aikaista toimijaa Hyvink\u00e4\u00e4n Puutavara ja Nurmij\u00e4rven Rakennustarvike ovat nyky\u00e4\u00e4n osa Puutavaraliike Vainiota.<\/p><p>Nyky\u00e4\u00e4n t\u00e4m\u00e4n kymmenhenkisen yrityksen tahtipuikkoa heiluttaa Toivo Vainion tyt\u00e4r Raija Lindqvist. Yrityksen jatkuvuuden jo kolmannessa polvessa takaa Riku Vainio<\/p>\t\t\t\t\t\t\t\t<\/div>\n\t\t\t\t<\/div>\n\t\t\t\t<div class=\"elementor-element elementor-element-57f67a27 elementor-widget elementor-widget-heading\" data-id=\"57f67a27\" data-element_type=\"widget\" data-e-type=\"widget\" data-widget_type=\"heading.default\">\n\t\t\t\t<div class=\"elementor-widget-container\">\n\t\t\t\t\t<h4 class=\"elementor-heading-title elementor-size-default\">\n<\/h4>\t\t\t\t<\/div>\n\t\t\t\t<\/div>\n\t\t\t\t\t<\/div>\n\t\t<\/div>\n\t\t\t\t<div class=\"elementor-column elementor-col-50 elementor-inner-column elementor-element elementor-element-7915ddde\" data-id=\"7915ddde\" data-element_type=\"column\" data-e-type=\"column\">\n\t\t\t<div class=\"elementor-widget-wrap\">\n\t\t\t\t\t\t\t<\/div>\n\t\t<\/div>\n\t\t\t\t\t<\/div>\n\t\t<\/section>\n\t\t\t\t<section class=\"elementor-section elementor-inner-section elementor-element elementor-element-4f18c8c6 elementor-section-content-middle elementor-section-boxed elementor-section-height-default elementor-section-height-default\" data-id=\"4f18c8c6\" data-element_type=\"section\" data-e-type=\"section\">\n\t\t\t\t\t\t<div class=\"elementor-container elementor-column-gap-no\">\n\t\t\t\t\t<div class=\"elementor-column elementor-col-50 elementor-inner-column elementor-element elementor-element-7ec2c10d\" data-id=\"7ec2c10d\" data-element_type=\"column\" data-e-type=\"column\">\n\t\t\t<div class=\"elementor-widget-wrap elementor-element-populated\">\n\t\t\t\t\t\t<div class=\"elementor-element elementor-element-6b56c3e elementor-widget elementor-widget-image\" data-id=\"6b56c3e\" data-element_type=\"widget\" data-e-type=\"widget\" data-widget_type=\"image.default\">\n\t\t\t\t<div class=\"elementor-widget-container\">\n\t\t\t\t\t\t\t\t\t\t\t\t\t\t\t\t<a href=\"https:\/\/www.hyvinkaanpuutavara.fi\/\">\n\t\t\t\t\t\t\t<img fetchpriority=\"high\" decoding=\"async\" width=\"486\" height=\"153\" src=\"https:\/\/puutavaraliiketvainio.fi\/wp-content\/uploads\/2023\/06\/hyvinkaavalkoinen.jpg\" class=\"attachment-medium_large size-medium_large wp-image-2554\" alt=\"\" srcset=\"https:\/\/puutavaraliiketvainio.fi\/wp-content\/uploads\/2023\/06\/hyvinkaavalkoinen.jpg 486w, https:\/\/puutavaraliiketvainio.fi\/wp-content\/uploads\/2023\/06\/hyvinkaavalkoinen-300x94.jpg 300w\" sizes=\"(max-width: 486px) 100vw, 486px\" \/>\t\t\t\t\t\t\t\t<\/a>\n\t\t\t\t\t\t\t\t\t\t\t\t\t\t\t<\/div>\n\t\t\t\t<\/div>\n\t\t\t\t\t<\/div>\n\t\t<\/div>\n\t\t\t\t<div class=\"elementor-column elementor-col-50 elementor-inner-column elementor-element elementor-element-3c26c3f9\" data-id=\"3c26c3f9\" data-element_type=\"column\" data-e-type=\"column\">\n\t\t\t<div class=\"elementor-widget-wrap elementor-element-populated\">\n\t\t\t\t\t\t<div class=\"elementor-element elementor-element-b8a038d elementor-widget elementor-widget-image\" data-id=\"b8a038d\" data-element_type=\"widget\" data-e-type=\"widget\" data-widget_type=\"image.default\">\n\t\t\t\t<div class=\"elementor-widget-container\">\n\t\t\t\t\t\t\t\t\t\t\t\t\t\t\t\t<a href=\"https:\/\/www.hyvinkaanpuutavara.fi\/nurmijarven-rakennustarvike\">\n\t\t\t\t\t\t\t<img decoding=\"async\" width=\"654\" height=\"163\" src=\"https:\/\/puutavaraliiketvainio.fi\/wp-content\/uploads\/2023\/06\/nurmijarvivalkoinen.jpg\" class=\"attachment-medium_large size-medium_large wp-image-2555\" alt=\"\" srcset=\"https:\/\/puutavaraliiketvainio.fi\/wp-content\/uploads\/2023\/06\/nurmijarvivalkoinen.jpg 654w, https:\/\/puutavaraliiketvainio.fi\/wp-content\/uploads\/2023\/06\/nurmijarvivalkoinen-300x75.jpg 300w\" sizes=\"(max-width: 654px) 100vw, 654px\" \/>\t\t\t\t\t\t\t\t<\/a>\n\t\t\t\t\t\t\t\t\t\t\t\t\t\t\t<\/div>\n\t\t\t\t<\/div>\n\t\t\t\t\t<\/div>\n\t\t<\/div>\n\t\t\t\t\t<\/div>\n\t\t<\/section>\n\t\t\t\t<section class=\"elementor-section elementor-inner-section elementor-element elementor-element-486b5200 elementor-section-content-middle elementor-section-boxed elementor-section-height-default elementor-section-height-default\" data-id=\"486b5200\" data-element_type=\"section\" data-e-type=\"section\">\n\t\t\t\t\t\t<div class=\"elementor-container elementor-column-gap-no\">\n\t\t\t\t\t<div class=\"elementor-column elementor-col-100 elementor-inner-column elementor-element elementor-element-66a38ef3\" data-id=\"66a38ef3\" data-element_type=\"column\" data-e-type=\"column\">\n\t\t\t<div class=\"elementor-widget-wrap\">\n\t\t\t\t\t\t\t<\/div>\n\t\t<\/div>\n\t\t\t\t\t<\/div>\n\t\t<\/section>\n\t\t\t\t\t<\/div>\n\t\t<\/div>\n\t\t\t\t\t<\/div>\n\t\t<\/section>\n\t\t\t\t<\/div>\n\t\t","protected":false},"excerpt":{"rendered":"<p>Tietoa meist\u00e4 Puutavaraliike T. VainioRakennustarvikealan yritys, jonka toiminta on jatkunut vuosikymmeni\u00e4, alkaa olla jo harvinaisuus. Puutavaraliike T. Vainio on palvellut asiakkaitaan J\u00e4rvenp\u00e4\u00e4ss\u00e4 jo vuodesta 1949.Liikkeen perustaja Toivo Vainio aloitti kaupank\u00e4ynnin halkokaupalla aivan kaupungin nykyisen keskustan tuntumassa. Yritys on kasvanut ja kehittynyt. Vainion perheest\u00e4 on l\u00f6ytynyt jatkajia Toivo Vainion ty\u00f6lle. Halkokaupasta kaikki alkoi. J\u00e4rvenp\u00e4\u00e4n keskusta oli [&hellip;]<\/p>\n","protected":false},"author":1,"featured_media":0,"parent":0,"menu_order":0,"comment_status":"closed","ping_status":"closed","template":"","meta":{"_uag_custom_page_level_css":"","site-sidebar-layout":"no-sidebar","site-content-layout":"page-builder","ast-site-content-layout":"full-width-container","site-content-style":"unboxed","site-sidebar-style":"unboxed","ast-global-header-display":"","ast-banner-title-visibility":"","ast-main-header-display":"","ast-hfb-above-header-display":"","ast-hfb-below-header-display":"","ast-hfb-mobile-header-display":"","site-post-title":"disabled","ast-breadcrumbs-content":"","ast-featured-img":"disabled","footer-sml-layout":"","ast-disable-related-posts":"","theme-transparent-header-meta":"","adv-header-id-meta":"","stick-header-meta":"","header-above-stick-meta":"","header-main-stick-meta":"","header-below-stick-meta":"","astra-migrate-meta-layouts":"set","ast-page-background-enabled":"default","ast-page-background-meta":{"desktop":{"background-color":"","background-image":"","background-repeat":"repeat","background-position":"center center","background-size":"auto","background-attachment":"scroll","background-type":"","background-media":"","overlay-type":"","overlay-color":"","overlay-opacity":"","overlay-gradient":""},"tablet":{"background-color":"","background-image":"","background-repeat":"repeat","background-position":"center center","background-size":"auto","background-attachment":"scroll","background-type":"","background-media":"","overlay-type":"","overlay-color":"","overlay-opacity":"","overlay-gradient":""},"mobile":{"background-color":"","background-image":"","background-repeat":"repeat","background-position":"center center","background-size":"auto","background-attachment":"scroll","background-type":"","background-media":"","overlay-type":"","overlay-color":"","overlay-opacity":"","overlay-gradient":""}},"ast-content-background-meta":{"desktop":{"background-color":"var(--ast-global-color-5)","background-image":"","background-repeat":"repeat","background-position":"center center","background-size":"auto","background-attachment":"scroll","background-type":"","background-media":"","overlay-type":"","overlay-color":"","overlay-opacity":"","overlay-gradient":""},"tablet":{"background-color":"var(--ast-global-color-5)","background-image":"","background-repeat":"repeat","background-position":"center center","background-size":"auto","background-attachment":"scroll","background-type":"","background-media":"","overlay-type":"","overlay-color":"","overlay-opacity":"","overlay-gradient":""},"mobile":{"background-color":"var(--ast-global-color-5)","background-image":"","background-repeat":"repeat","background-position":"center center","background-size":"auto","background-attachment":"scroll","background-type":"","background-media":"","overlay-type":"","overlay-color":"","overlay-opacity":"","overlay-gradient":""}},"footnotes":""},"class_list":["post-2452","page","type-page","status-publish","hentry"],"uagb_featured_image_src":{"full":false,"thumbnail":false,"medium":false,"medium_large":false,"large":false,"1536x1536":false,"2048x2048":false},"uagb_author_info":{"display_name":"tempo","author_link":"https:\/\/puutavaraliiketvainio.fi\/?author=1"},"uagb_comment_info":0,"uagb_excerpt":"Tietoa meist\u00e4 Puutavaraliike T. VainioRakennustarvikealan yritys, jonka toiminta on jatkunut vuosikymmeni\u00e4, alkaa olla jo harvinaisuus. Puutavaraliike T. Vainio on palvellut asiakkaitaan J\u00e4rvenp\u00e4\u00e4ss\u00e4 jo vuodesta 1949.Liikkeen perustaja Toivo Vainio aloitti kaupank\u00e4ynnin halkokaupalla aivan kaupungin nykyisen keskustan tuntumassa. Yritys on kasvanut ja kehittynyt. Vainion perheest\u00e4 on l\u00f6ytynyt jatkajia Toivo Vainion ty\u00f6lle. Halkokaupasta kaikki alkoi. J\u00e4rvenp\u00e4\u00e4n keskusta oli&hellip;","_links":{"self":[{"href":"https:\/\/puutavaraliiketvainio.fi\/index.php?rest_route=\/wp\/v2\/pages\/2452","targetHints":{"allow":["GET"]}}],"collection":[{"href":"https:\/\/puutavaraliiketvainio.fi\/index.php?rest_route=\/wp\/v2\/pages"}],"about":[{"href":"https:\/\/puutavaraliiketvainio.fi\/index.php?rest_route=\/wp\/v2\/types\/page"}],"author":[{"embeddable":true,"href":"https:\/\/puutavaraliiketvainio.fi\/index.php?rest_route=\/wp\/v2\/users\/1"}],"replies":[{"embeddable":true,"href":"https:\/\/puutavaraliiketvainio.fi\/index.php?rest_route=%2Fwp%2Fv2%2Fcomments&post=2452"}],"version-history":[{"count":47,"href":"https:\/\/puutavaraliiketvainio.fi\/index.php?rest_route=\/wp\/v2\/pages\/2452\/revisions"}],"predecessor-version":[{"id":2837,"href":"https:\/\/puutavaraliiketvainio.fi\/index.php?rest_route=\/wp\/v2\/pages\/2452\/revisions\/2837"}],"wp:attachment":[{"href":"https:\/\/puutavaraliiketvainio.fi\/index.php?rest_route=%2Fwp%2Fv2%2Fmedia&parent=2452"}],"curies":[{"name":"wp","href":"https:\/\/api.w.org\/{rel}","templated":true}]}}