{"id":2473,"date":"2023-05-28T16:10:10","date_gmt":"2023-05-28T16:10:10","guid":{"rendered":"http:\/\/puutavaraliiketvainio.fi\/?page_id=2473"},"modified":"2025-11-19T11:27:58","modified_gmt":"2025-11-19T11:27:58","slug":"yhteystiedot","status":"publish","type":"page","link":"https:\/\/puutavaraliiketvainio.fi\/?page_id=2473","title":{"rendered":"Yhteystiedot"},"content":{"rendered":"\t\t<div data-elementor-type=\"wp-page\" data-elementor-id=\"2473\" class=\"elementor elementor-2473\">\n\t\t\t\t\t\t<section class=\"elementor-section elementor-top-section elementor-element elementor-element-d55f504 elementor-section-boxed elementor-section-height-default elementor-section-height-default\" data-id=\"d55f504\" data-element_type=\"section\" data-e-type=\"section\">\n\t\t\t\t\t\t<div class=\"elementor-container elementor-column-gap-default\">\n\t\t\t\t\t<div class=\"elementor-column elementor-col-100 elementor-top-column elementor-element elementor-element-22260e1\" data-id=\"22260e1\" data-element_type=\"column\" data-e-type=\"column\">\n\t\t\t<div class=\"elementor-widget-wrap\">\n\t\t\t\t\t\t\t<\/div>\n\t\t<\/div>\n\t\t\t\t\t<\/div>\n\t\t<\/section>\n\t\t\t\t<section class=\"elementor-section elementor-top-section elementor-element elementor-element-1a9d036b elementor-section-content-middle elementor-section-boxed elementor-section-height-default elementor-section-height-default\" data-id=\"1a9d036b\" data-element_type=\"section\" data-e-type=\"section\">\n\t\t\t\t\t\t<div class=\"elementor-container elementor-column-gap-no\">\n\t\t\t\t\t<div class=\"elementor-column elementor-col-100 elementor-top-column elementor-element elementor-element-6d10830c\" data-id=\"6d10830c\" data-element_type=\"column\" data-e-type=\"column\">\n\t\t\t<div class=\"elementor-widget-wrap elementor-element-populated\">\n\t\t\t\t\t\t<div class=\"elementor-element elementor-element-45ed6841 elementor-widget elementor-widget-heading\" data-id=\"45ed6841\" data-element_type=\"widget\" data-e-type=\"widget\" data-widget_type=\"heading.default\">\n\t\t\t\t<div class=\"elementor-widget-container\">\n\t\t\t\t\t<h6 class=\"elementor-heading-title elementor-size-medium\">Yhteystiedot<\/h6>\t\t\t\t<\/div>\n\t\t\t\t<\/div>\n\t\t\t\t<div class=\"elementor-element elementor-element-5f95eae elementor-widget elementor-widget-heading\" data-id=\"5f95eae\" data-element_type=\"widget\" data-e-type=\"widget\" data-widget_type=\"heading.default\">\n\t\t\t\t<div class=\"elementor-widget-container\">\n\t\t\t\t\t<h6 class=\"elementor-heading-title elementor-size-default\">09-2797340<\/h6>\t\t\t\t<\/div>\n\t\t\t\t<\/div>\n\t\t\t\t<div class=\"elementor-element elementor-element-20fb7af elementor-widget elementor-widget-text-editor\" data-id=\"20fb7af\" data-element_type=\"widget\" data-e-type=\"widget\" data-widget_type=\"text-editor.default\">\n\t\t\t\t<div class=\"elementor-widget-container\">\n\t\t\t\t\t\t\t\t\t<p>Aavasaksantie 5, 04410 J\u00e4rvenp\u00e4\u00e4<\/p>\t\t\t\t\t\t\t\t<\/div>\n\t\t\t\t<\/div>\n\t\t\t\t<div class=\"elementor-element elementor-element-82a3cd7 elementor-widget-mobile__width-initial elementor-widget elementor-widget-text-editor\" data-id=\"82a3cd7\" data-element_type=\"widget\" data-e-type=\"widget\" data-widget_type=\"text-editor.default\">\n\t\t\t\t<div class=\"elementor-widget-container\">\n\t\t\t\t\t\t\t\t\t<p><strong>Tilaukset:<\/strong><\/p><p>myynti@tvainio.fi<\/p><p><strong>Tarjouspyynn\u00f6t:<\/strong><\/p><p>vili.lindqvist@tvainio.fi\u00a0 \u00a0 \u00a0 \u00a0riku.vainio@tvainio.fi\u00a0 \u00a0 \u00a0 \u00a0 \u00a0samuel.salonen@tvainio.fi\u00a0 \u00a0\u00a0<\/p><p><strong>Ostot:<\/strong><\/p><p>riku.vainio@tvainio.fi\u00a0 \u00a0 \u00a0 \u00a0 \u00a0 \u00a0 raija.lindqvist@tvainio.fi\u00a0 \u00a0\u00a0<\/p><p><strong>Laskutus:<\/strong><\/p><p>raija.lindqvist@tvainio.fi<\/p><p><strong>Verkkokauppa:<\/strong><\/p><p>roni.vainio@tvainio.fi<\/p>\t\t\t\t\t\t\t\t<\/div>\n\t\t\t\t<\/div>\n\t\t\t\t<div class=\"elementor-element elementor-element-d588470 elementor-widget elementor-widget-text-editor\" data-id=\"d588470\" data-element_type=\"widget\" data-e-type=\"widget\" data-widget_type=\"text-editor.default\">\n\t\t\t\t<div class=\"elementor-widget-container\">\n\t\t\t\t\t\t\t\t\t<p><strong>Normaalit aukioloajat:<\/strong><\/p><p>Ma &#8211; Pe 7-17<\/p><p>La 9 &#8211; 14<\/p><p>(joulu-helmikuun lauantait suljettu)<\/p>\t\t\t\t\t\t\t\t<\/div>\n\t\t\t\t<\/div>\n\t\t\t\t<div class=\"elementor-element elementor-element-43404b3 elementor-widget elementor-widget-heading\" data-id=\"43404b3\" data-element_type=\"widget\" data-e-type=\"widget\" data-widget_type=\"heading.default\">\n\t\t\t\t<div class=\"elementor-widget-container\">\n\t\t\t\t\t<h4 class=\"elementor-heading-title elementor-size-default\">Koska yrityksemme ei sijaitse aivan keskeisimm\u00e4ll\u00e4 paikalla,\nalla avuksesi kartta oikeaan osoitteeseen:<\/h4>\t\t\t\t<\/div>\n\t\t\t\t<\/div>\n\t\t\t\t<div class=\"elementor-element elementor-element-2ea7557d elementor-widget elementor-widget-google_maps\" data-id=\"2ea7557d\" data-element_type=\"widget\" data-e-type=\"widget\" data-widget_type=\"google_maps.default\">\n\t\t\t\t<div class=\"elementor-widget-container\">\n\t\t\t\t\t\t\t<div class=\"elementor-custom-embed\">\n\t\t\t<iframe loading=\"lazy\"\n\t\t\t\t\tsrc=\"https:\/\/maps.google.com\/maps?q=aavasaksantie%205%2004410%20j%C3%A4rvenp%C3%A4%C3%A4&#038;t=m&#038;z=17&#038;output=embed&#038;iwloc=near\"\n\t\t\t\t\ttitle=\"aavasaksantie 5 04410 j\u00e4rvenp\u00e4\u00e4\"\n\t\t\t\t\taria-label=\"aavasaksantie 5 04410 j\u00e4rvenp\u00e4\u00e4\"\n\t\t\t><\/iframe>\n\t\t<\/div>\n\t\t\t\t\t\t<\/div>\n\t\t\t\t<\/div>\n\t\t\t\t<div class=\"elementor-element elementor-element-8ae089d elementor-widget elementor-widget-heading\" data-id=\"8ae089d\" data-element_type=\"widget\" data-e-type=\"widget\" data-widget_type=\"heading.default\">\n\t\t\t\t<div class=\"elementor-widget-container\">\n\t\t\t\t\t<h4 class=\"elementor-heading-title elementor-size-default\">\n<\/h4>\t\t\t\t<\/div>\n\t\t\t\t<\/div>\n\t\t\t\t<div class=\"elementor-element elementor-element-da8fe62 elementor-widget elementor-widget-heading\" data-id=\"da8fe62\" data-element_type=\"widget\" data-e-type=\"widget\" data-widget_type=\"heading.default\">\n\t\t\t\t<div class=\"elementor-widget-container\">\n\t\t\t\t\t<h4 class=\"elementor-heading-title elementor-size-default\">\nL\u00f6yd\u00e4t meid\u00e4t my\u00f6s Facebookista ja Instagramista:<\/h4>\t\t\t\t<\/div>\n\t\t\t\t<\/div>\n\t\t\t\t<div class=\"elementor-element elementor-element-6a8c973f elementor-shape-rounded elementor-grid-0 e-grid-align-center elementor-widget elementor-widget-social-icons\" data-id=\"6a8c973f\" data-element_type=\"widget\" data-e-type=\"widget\" data-widget_type=\"social-icons.default\">\n\t\t\t\t<div class=\"elementor-widget-container\">\n\t\t\t\t\t\t\t<div class=\"elementor-social-icons-wrapper elementor-grid\" role=\"list\">\n\t\t\t\t\t\t\t<span class=\"elementor-grid-item\" role=\"listitem\">\n\t\t\t\t\t<a class=\"elementor-icon elementor-social-icon elementor-social-icon-facebook-f elementor-animation-grow elementor-repeater-item-9c86cde\" href=\"https:\/\/www.facebook.com\/PuutavaraliikeT.VainioOy\" target=\"_blank\">\n\t\t\t\t\t\t<span class=\"elementor-screen-only\">Facebook-f<\/span>\n\t\t\t\t\t\t<i aria-hidden=\"true\" class=\"fab fa-facebook-f\"><\/i>\t\t\t\t\t<\/a>\n\t\t\t\t<\/span>\n\t\t\t\t\t\t\t<span class=\"elementor-grid-item\" role=\"listitem\">\n\t\t\t\t\t<a class=\"elementor-icon elementor-social-icon elementor-social-icon-instagram elementor-animation-grow elementor-repeater-item-7b9d1bc\" href=\"https:\/\/www.instagram.com\/puutavaraliiketvainio\/\" target=\"_blank\">\n\t\t\t\t\t\t<span class=\"elementor-screen-only\">Instagram<\/span>\n\t\t\t\t\t\t<i aria-hidden=\"true\" class=\"fab fa-instagram\"><\/i>\t\t\t\t\t<\/a>\n\t\t\t\t<\/span>\n\t\t\t\t\t<\/div>\n\t\t\t\t\t\t<\/div>\n\t\t\t\t<\/div>\n\t\t\t\t\t<\/div>\n\t\t<\/div>\n\t\t\t\t\t<\/div>\n\t\t<\/section>\n\t\t\t\t<\/div>\n\t\t","protected":false},"excerpt":{"rendered":"<p>Yhteystiedot 09-2797340 Aavasaksantie 5, 04410 J\u00e4rvenp\u00e4\u00e4 Tilaukset: myynti@tvainio.fi Tarjouspyynn\u00f6t: vili.lindqvist@tvainio.fi\u00a0 \u00a0 \u00a0 \u00a0riku.vainio@tvainio.fi\u00a0 \u00a0 \u00a0 \u00a0 \u00a0samuel.salonen@tvainio.fi\u00a0 \u00a0\u00a0 Ostot: riku.vainio@tvainio.fi\u00a0 \u00a0 \u00a0 \u00a0 \u00a0 \u00a0 raija.lindqvist@tvainio.fi\u00a0 \u00a0\u00a0 Laskutus: raija.lindqvist@tvainio.fi Verkkokauppa: roni.vainio@tvainio.fi Normaalit aukioloajat: Ma &#8211; Pe 7-17 La 9 &#8211; 14 (joulu-helmikuun lauantait suljettu) Koska yrityksemme ei sijaitse aivan keskeisimm\u00e4ll\u00e4 paikalla, alla avuksesi kartta oikeaan [&hellip;]<\/p>\n","protected":false},"author":1,"featured_media":0,"parent":0,"menu_order":0,"comment_status":"closed","ping_status":"closed","template":"","meta":{"_uag_custom_page_level_css":"","site-sidebar-layout":"no-sidebar","site-content-layout":"page-builder","ast-site-content-layout":"default","site-content-style":"default","site-sidebar-style":"default","ast-global-header-display":"","ast-banner-title-visibility":"","ast-main-header-display":"","ast-hfb-above-header-display":"","ast-hfb-below-header-display":"","ast-hfb-mobile-header-display":"","site-post-title":"disabled","ast-breadcrumbs-content":"","ast-featured-img":"disabled","footer-sml-layout":"","ast-disable-related-posts":"","theme-transparent-header-meta":"","adv-header-id-meta":"","stick-header-meta":"","header-above-stick-meta":"","header-main-stick-meta":"","header-below-stick-meta":"","astra-migrate-meta-layouts":"default","ast-page-background-enabled":"default","ast-page-background-meta":{"desktop":{"background-color":"","background-image":"","background-repeat":"repeat","background-position":"center center","background-size":"auto","background-attachment":"scroll","background-type":"","background-media":"","overlay-type":"","overlay-color":"","overlay-opacity":"","overlay-gradient":""},"tablet":{"background-color":"","background-image":"","background-repeat":"repeat","background-position":"center center","background-size":"auto","background-attachment":"scroll","background-type":"","background-media":"","overlay-type":"","overlay-color":"","overlay-opacity":"","overlay-gradient":""},"mobile":{"background-color":"","background-image":"","background-repeat":"repeat","background-position":"center center","background-size":"auto","background-attachment":"scroll","background-type":"","background-media":"","overlay-type":"","overlay-color":"","overlay-opacity":"","overlay-gradient":""}},"ast-content-background-meta":{"desktop":{"background-color":"var(--ast-global-color-5)","background-image":"","background-repeat":"repeat","background-position":"center center","background-size":"auto","background-attachment":"scroll","background-type":"","background-media":"","overlay-type":"","overlay-color":"","overlay-opacity":"","overlay-gradient":""},"tablet":{"background-color":"var(--ast-global-color-5)","background-image":"","background-repeat":"repeat","background-position":"center center","background-size":"auto","background-attachment":"scroll","background-type":"","background-media":"","overlay-type":"","overlay-color":"","overlay-opacity":"","overlay-gradient":""},"mobile":{"background-color":"var(--ast-global-color-5)","background-image":"","background-repeat":"repeat","background-position":"center center","background-size":"auto","background-attachment":"scroll","background-type":"","background-media":"","overlay-type":"","overlay-color":"","overlay-opacity":"","overlay-gradient":""}},"footnotes":""},"class_list":["post-2473","page","type-page","status-publish","hentry"],"uagb_featured_image_src":{"full":false,"thumbnail":false,"medium":false,"medium_large":false,"large":false,"1536x1536":false,"2048x2048":false},"uagb_author_info":{"display_name":"tempo","author_link":"https:\/\/puutavaraliiketvainio.fi\/?author=1"},"uagb_comment_info":0,"uagb_excerpt":"Yhteystiedot 09-2797340 Aavasaksantie 5, 04410 J\u00e4rvenp\u00e4\u00e4 Tilaukset: myynti@tvainio.fi Tarjouspyynn\u00f6t: vili.lindqvist@tvainio.fi\u00a0 \u00a0 \u00a0 \u00a0riku.vainio@tvainio.fi\u00a0 \u00a0 \u00a0 \u00a0 \u00a0samuel.salonen@tvainio.fi\u00a0 \u00a0\u00a0 Ostot: riku.vainio@tvainio.fi\u00a0 \u00a0 \u00a0 \u00a0 \u00a0 \u00a0 raija.lindqvist@tvainio.fi\u00a0 \u00a0\u00a0 Laskutus: raija.lindqvist@tvainio.fi Verkkokauppa: roni.vainio@tvainio.fi Normaalit aukioloajat: Ma &#8211; Pe 7-17 La 9 &#8211; 14 (joulu-helmikuun lauantait suljettu) Koska yrityksemme ei sijaitse aivan keskeisimm\u00e4ll\u00e4 paikalla, alla avuksesi kartta oikeaan&hellip;","_links":{"self":[{"href":"https:\/\/puutavaraliiketvainio.fi\/index.php?rest_route=\/wp\/v2\/pages\/2473","targetHints":{"allow":["GET"]}}],"collection":[{"href":"https:\/\/puutavaraliiketvainio.fi\/index.php?rest_route=\/wp\/v2\/pages"}],"about":[{"href":"https:\/\/puutavaraliiketvainio.fi\/index.php?rest_route=\/wp\/v2\/types\/page"}],"author":[{"embeddable":true,"href":"https:\/\/puutavaraliiketvainio.fi\/index.php?rest_route=\/wp\/v2\/users\/1"}],"replies":[{"embeddable":true,"href":"https:\/\/puutavaraliiketvainio.fi\/index.php?rest_route=%2Fwp%2Fv2%2Fcomments&post=2473"}],"version-history":[{"count":64,"href":"https:\/\/puutavaraliiketvainio.fi\/index.php?rest_route=\/wp\/v2\/pages\/2473\/revisions"}],"predecessor-version":[{"id":2903,"href":"https:\/\/puutavaraliiketvainio.fi\/index.php?rest_route=\/wp\/v2\/pages\/2473\/revisions\/2903"}],"wp:attachment":[{"href":"https:\/\/puutavaraliiketvainio.fi\/index.php?rest_route=%2Fwp%2Fv2%2Fmedia&parent=2473"}],"curies":[{"name":"wp","href":"https:\/\/api.w.org\/{rel}","templated":true}]}}